{"id":360,"date":"2018-05-13T11:42:49","date_gmt":"2018-05-13T09:42:49","guid":{"rendered":"https:\/\/alombrebleue.fr\/acces-bnb-mittainville-yvelines\/"},"modified":"2018-05-23T17:05:55","modified_gmt":"2018-05-23T15:05:55","slug":"directions-bnb-mittainville-yvelines","status":"publish","type":"page","link":"https:\/\/alombrebleue.fr\/en\/directions-bnb-mittainville-yvelines\/","title":{"rendered":"Directions"},"content":{"rendered":"<p style=\"text-align: center;\"><strong>GPS Coordinates : Latitude : 48.6657835 \u2013 Longitude : 1.6228454<\/strong><\/p>\n<h2><span>By road<\/h2>\n<ul>\n<li>RN-10 (Paris-Chartes-Vend\u00f4me-Bordeaux line)<\/li>\n<li>RN-12 (Paris-Dreux-Alen\u00e7on line)<\/li>\n<\/ul>\n<h2><span>By motorway<\/h2>\n<h3 style=\"text-align: center;\">From Lille or Belgium (North) : 3h15 min<\/h3>\n<p>A2 followed by <strong>A1 (From Brussels, Lille to Paris via Amiens)<\/strong>, scroll down to Paris, take the Boulevard P\u00e9riph\u00e9rique Ouest. Go through Porte Maillot, then thake the Rouen exit. Continue on the N12 towards Dreux for 30 min and exit onto the D199 Gambais, Grosouvre, Millemont and Garanci\u00e8res. Now you\u2019ll go through a lot of small villages : Gambais, Bourdonn\u00e9, Cond\u00e9-sur-Vesgres, La Boissi\u00e8re-Ecole then Mittainville.<\/p>\n<h3 style=\"text-align: center;\">From Nantes (West) : 3h30 min<\/h3>\n<p><strong>A11 (From Nantes via Angers, Le Mans and Chartres)<\/strong>, take exit n\u00b03 Chartres Centre and continue on the N10, then on the N123 direction Rouen, Dreux and Maintenon. Go through Maintenon where you will see on your right the beautiful Ch\u00e2teau de Maintenon, you\u2019re just 10 minutes from \u201cA l\u2019Ombre Bleue\u201d. Once out of Maintenon, turn left onto the D101, 5 in the direction of Saint-Martin-de-Nigelles. After leaving Saint-Martin-de-Nigelles, turn left towards Saint-Lucien then Mittainville. You\u2019re at the B&amp;B of Charm of L\u2019Ombre Bleue which are waiting for you\u2026<\/p>\n<h3 style=\"text-align: center;\">From Strasbourg (East)\u00a0: 5h30 min<\/h3>\n<p><strong>A4 and A350 (from Strasbourg via Saverne, Metz, Verdun, Reims and Paris)<\/strong>, Take l\u2019autoroute de l\u2019Est about 470km to the P\u00e9riph\u00e9rique of A86 in Paris direction Bordeaux, Nantes and Lyon for 29 km then take the N12 towards Rouen and Dreux. Exit onto the D199 Gambais, Grosouvre, and Millemont Garanci\u00e8res. Now you\u2019ll go through a lot of small villages : Gambais, Bourdonn\u00e9, Cond\u00e9-sur-Vesgre, La Boissiere-Ecole then Mittainville.<\/p>\n<h3 style=\"text-align: center;\">From Bordeaux (South-West)\u00a0: 5h30 min<\/h3>\n<p><strong>A-10 (From Bordeaux via Niort, Poitiers, Tours, Blois and Orleans)<\/strong>, take exit n\u00b011 (Etampes, Rambouillet and Allainville) and continue on the N191 via Allainville, Orsonville then Rambouillet.<\/p>\n<p>Arrived in Rambouillet, you\u2019re just 15 minutes from the guesthouse. Take direction Gazeran. Output Gazeran, turn right onto the D80 and continue for 10km. Once out of the Locality \u201cVilleneuve\u201d, turn left onto the D71, the signboard Mittainville unfolds, just 2km to reach the village pond Mittainville of the P\u00e2tis where your hostess Catherine waits for you.<\/p>\n<h2><span>By train<\/h2>\n<ul>\n<li>Train from Paris Montparnasse station to Epernon: 45 min.<\/li>\n<li>Train from Chartres to Epernon: 20 min.<br \/>\nTel. 0892 35 35 35 \u2013 www.voyages-sncf.com<\/li>\n<\/ul>\n<p>The hostess can even pick you up at the station Epernon on arrival if you wish.<\/p>\n<h2><span>By plane<\/h2>\n<h3 style=\"text-align: center;\">A\u00e9rodrome of Paris\u00a0:<\/h3>\n<ul>\n<li>Orly to Mittainville : 70 km<\/li>\n<li>Roissy-Charles de Gaulle to Mittainville: 90 km<\/li>\n<\/ul>\n<p>Information: 01 48 62 12 12 \u2013 www.aeroportsdeparis.fr<\/p>\n","protected":false},"excerpt":{"rendered":"<p>GPS Coordinates : Latitude : 48.6657835 \u2013 Longitude : 1.6228454 By road RN-10 (Paris-Chartes-Vend\u00f4me-Bordeaux line) RN-12 (Paris-Dreux-Alen\u00e7on line) By motorway From Lille or Belgium (North) : 3h15 min A2 followed by A1 (From Brussels, Lille to Paris via Amiens), scroll down to Paris, take the Boulevard P\u00e9riph\u00e9rique Ouest. Go through Porte Maillot, then thake the [&hellip;]<\/p>\n","protected":false},"author":2,"featured_media":294,"parent":0,"menu_order":8,"comment_status":"closed","ping_status":"closed","template":"page-acces.php","meta":[],"acf":[],"_links":{"self":[{"href":"https:\/\/alombrebleue.fr\/en\/wp-json\/wp\/v2\/pages\/360"}],"collection":[{"href":"https:\/\/alombrebleue.fr\/en\/wp-json\/wp\/v2\/pages"}],"about":[{"href":"https:\/\/alombrebleue.fr\/en\/wp-json\/wp\/v2\/types\/page"}],"author":[{"embeddable":true,"href":"https:\/\/alombrebleue.fr\/en\/wp-json\/wp\/v2\/users\/2"}],"replies":[{"embeddable":true,"href":"https:\/\/alombrebleue.fr\/en\/wp-json\/wp\/v2\/comments?post=360"}],"version-history":[{"count":0,"href":"https:\/\/alombrebleue.fr\/en\/wp-json\/wp\/v2\/pages\/360\/revisions"}],"wp:featuredmedia":[{"embeddable":true,"href":"https:\/\/alombrebleue.fr\/en\/wp-json\/wp\/v2\/media\/294"}],"wp:attachment":[{"href":"https:\/\/alombrebleue.fr\/en\/wp-json\/wp\/v2\/media?parent=360"}],"curies":[{"name":"wp","href":"https:\/\/api.w.org\/{rel}","templated":true}]}}